{"id":110,"date":"2024-09-16T16:17:03","date_gmt":"2024-09-16T16:17:03","guid":{"rendered":"http:\/\/jirusasphere.com\/?page_id=110"},"modified":"2024-11-02T12:07:23","modified_gmt":"2024-11-02T12:07:23","slug":"jirusovy-zacatky-behani","status":"publish","type":"page","link":"http:\/\/jirusasphere.com\/en\/beh\/jirusovy-zacatky-behani\/","title":{"rendered":"B\u011b\u017eeck\u00e9 za\u010d\u00e1tky"},"content":{"rendered":"<div class=\"wp-block-group alignfull has-accent-background-color has-background has-global-padding is-layout-constrained wp-container-core-group-is-layout-669513ed wp-block-group-is-layout-constrained\" style=\"margin-top:0;margin-bottom:0;padding-top:var(--wp--preset--spacing--50);padding-right:var(--wp--preset--spacing--50);padding-bottom:var(--wp--preset--spacing--50);padding-left:var(--wp--preset--spacing--50)\"><div class=\"wp-block-columns alignwide is-layout-flex wp-container-core-columns-is-layout-1da03c2a wp-block-columns-is-layout-flex\"><div class=\"wp-block-column is-vertically-aligned-stretch is-layout-flow wp-block-column-is-layout-flow\" style=\"flex-basis:50%\"><div class=\"wp-block-group is-vertical is-content-justification-stretch is-layout-flex wp-container-core-group-is-layout-444d5ee8 wp-block-group-is-layout-flex\" style=\"min-height:100%\"><p class=\"has-heading-font-family has-x-large-font-size\" style=\"line-height:1.2\">Nebyl jsem b\u011b\u017eec od mali\u010dka a mo\u017en\u00e1 proto b\u011bh miluji.<\/p>\n\n<div class=\"wp-block-group has-global-padding is-content-justification-left is-layout-constrained wp-container-core-group-is-layout-9fe8ed88 wp-block-group-is-layout-constrained\"><p class=\"wp-container-content-0733e5d0\"><\/p>\n\n<div class=\"wp-block-group has-global-padding is-content-justification-left is-layout-constrained wp-container-core-group-is-layout-9fe8ed88 wp-block-group-is-layout-constrained\"><div class=\"wp-block-buttons is-content-justification-space-between is-layout-flex wp-container-core-buttons-is-layout-b2891da8 wp-block-buttons-is-layout-flex\"><div class=\"wp-block-button has-custom-width wp-block-button__width-100\"><a class=\"wp-block-button__link wp-element-button\" href=\"http:\/\/jirusasphere.com\/en\/beh\/bezecke-zkusenosti\/\">B\u011b\u017eeck\u00e9 zku\u0161enosti<\/a><\/div>\n\n<div class=\"wp-block-button has-custom-width wp-block-button__width-100\"><a class=\"wp-block-button__link wp-element-button\" href=\"http:\/\/jirusasphere.com\/en\/beh\/bezecke-zavody\/\">B\u011b\u017eeck\u00e9 z\u00e1vody<\/a><\/div>\n\n<div class=\"wp-block-button has-custom-width wp-block-button__width-100\"><a class=\"wp-block-button__link wp-element-button\" href=\"http:\/\/jirusasphere.com\/en\/beh\/bezecke-trasy\/\">B\u011b\u017eeck\u00e9 trasy<\/a><\/div><\/div><\/div>\n\n<p class=\"wp-container-content-0733e5d0\"><\/p><\/div><\/div><\/div>\n\n<div class=\"wp-block-column is-vertically-aligned-center is-layout-flow wp-block-column-is-layout-flow\" style=\"flex-basis:50%\"><figure class=\"wp-block-image size-large is-style-rounded is-style-rounded--1\"><img loading=\"lazy\" decoding=\"async\" width=\"768\" height=\"1024\" src=\"http:\/\/jirusasphere.com\/wp-content\/uploads\/2024\/09\/FB_IMG_1726429427961-768x1024.jpg\" alt=\"\" class=\"wp-image-112\" style=\"aspect-ratio:3\/4;object-fit:cover\" srcset=\"http:\/\/jirusasphere.com\/wp-content\/uploads\/2024\/09\/FB_IMG_1726429427961-768x1024.jpg 768w, http:\/\/jirusasphere.com\/wp-content\/uploads\/2024\/09\/FB_IMG_1726429427961-225x300.jpg 225w, http:\/\/jirusasphere.com\/wp-content\/uploads\/2024\/09\/FB_IMG_1726429427961-9x12.jpg 9w, http:\/\/jirusasphere.com\/wp-content\/uploads\/2024\/09\/FB_IMG_1726429427961-600x800.jpg 600w, http:\/\/jirusasphere.com\/wp-content\/uploads\/2024\/09\/FB_IMG_1726429427961.jpg 1080w\" sizes=\"auto, (max-width: 768px) 100vw, 768px\" \/><\/figure><\/div><\/div><\/div><div class=\"wp-block-group alignfull has-base-background-color has-background has-global-padding is-layout-constrained wp-container-core-group-is-layout-d89aad35 wp-block-group-is-layout-constrained\" style=\"margin-top:0;margin-bottom:0;padding-top:var(--wp--preset--spacing--50);padding-right:var(--wp--preset--spacing--50);padding-bottom:var(--wp--preset--spacing--50);padding-left:var(--wp--preset--spacing--50)\"><div class=\"wp-block-columns alignwide is-layout-flex wp-container-core-columns-is-layout-549b0c86 wp-block-columns-is-layout-flex\"><div class=\"wp-block-column has-global-padding is-content-justification-left is-layout-constrained wp-container-core-column-is-layout-4f15e8fe wp-block-column-is-layout-constrained\" style=\"flex-basis:40%\"><figure class=\"wp-block-image aligncenter size-full\"><img loading=\"lazy\" decoding=\"async\" width=\"2048\" height=\"1363\" src=\"http:\/\/jirusasphere.com\/wp-content\/uploads\/2024\/09\/21753163_886644711486451_169436124026386259_o.jpg\" alt=\"\" class=\"wp-image-129\" srcset=\"http:\/\/jirusasphere.com\/wp-content\/uploads\/2024\/09\/21753163_886644711486451_169436124026386259_o.jpg 2048w, http:\/\/jirusasphere.com\/wp-content\/uploads\/2024\/09\/21753163_886644711486451_169436124026386259_o-300x200.jpg 300w, http:\/\/jirusasphere.com\/wp-content\/uploads\/2024\/09\/21753163_886644711486451_169436124026386259_o-1024x682.jpg 1024w, http:\/\/jirusasphere.com\/wp-content\/uploads\/2024\/09\/21753163_886644711486451_169436124026386259_o-768x511.jpg 768w, http:\/\/jirusasphere.com\/wp-content\/uploads\/2024\/09\/21753163_886644711486451_169436124026386259_o-1536x1022.jpg 1536w, http:\/\/jirusasphere.com\/wp-content\/uploads\/2024\/09\/21753163_886644711486451_169436124026386259_o-18x12.jpg 18w, http:\/\/jirusasphere.com\/wp-content\/uploads\/2024\/09\/21753163_886644711486451_169436124026386259_o-600x399.jpg 600w\" sizes=\"auto, (max-width: 2048px) 100vw, 2048px\" \/><\/figure><\/div>\n\n<div class=\"wp-block-column is-layout-flow wp-container-core-column-is-layout-119bc444 wp-block-column-is-layout-flow\" style=\"flex-basis:60%\"><p class=\"has-heading-font-family has-x-large-font-size\" style=\"line-height:1.2\">B\u011bh\u00e1n\u00ed se mi stalo tak trochu \u017eivotn\u00ed posedlost\u00ed. Douf\u00e1m, \u017ee m\u016fj p\u0159\u00edb\u011bh o tom jak jsem za\u010dal s b\u011bhem v\u00e1s pobav\u00ed a mo\u017en\u00e1 i inspiruje.<\/p>\n\n<div class=\"wp-block-columns is-layout-flex wp-container-core-columns-is-layout-87beb0d0 wp-block-columns-is-layout-flex\"><div class=\"wp-block-column is-layout-flow wp-block-column-is-layout-flow\"><p class=\"wp-container-content-9cfa9a5a\">Byl jednou jeden \u017eivotem unaven\u00fd chlap\u00edk (ano, to jsem j\u00e1), kter\u00fd se v pr\u00e1ci nachom\u00fdtl k part\u011b, kter\u00e1 za\u010dala tak trochu pl\u00e1cat do tenisov\u00e9ho m\u00ed\u010dku a naz\u00fdvala to tenisem. B\u011bhem t\u00e9to doby se mi trochu zvedla fyzi\u010dka, a tak po rozhovoru s Petrem K., sportovcem t\u011blem i du\u0161\u00ed, jsme se dostali na t\u00e9ma b\u011b\u017eeck\u00e9 z\u00e1vody. Petr m\u011b p\u0159i jednom \u201etenisov\u00e9m\u201c turnaji vyprovokoval, abych se p\u0159ihl\u00e1sil na takov\u00fd mal\u00fd z\u00e1vod v Janov\u011b nad Nisou, Janovsk\u00e1 11 a 19. Ani nev\u00edm, zda jsme se tehdy vsadili, nebo jsem to jen p\u0159ijal jako v\u00fdzvu, ale nakonec jsem ten z\u00e1vod \u201eb\u011b\u017eel\u201c.<\/p>\n\n<p>Mus\u00edm podotknout, \u017ee Petr m\u011bl tak trochu smysl pro humor. Proto\u017ee Janovsk\u00e1 11 a 19 je tak trochu drsn\u011bj\u0161\u00ed z\u00e1vod, kter\u00fd p\u016fvodn\u011b p\u0159ed cca 40 lety vznikl jako testovac\u00ed z\u00e1vod pro p\u0159ipravenost ly\u017ea\u0159\u016f p\u0159ed sez\u00f3nou. Z\u00e1vod je nejenom t\u011b\u017ek\u00fd sv\u00fdmi soupe\u0159i, ale i profilem, kter\u00fd je mali\u010dko zabij\u00e1ck\u00fd. I kdy\u017e jsem m\u011bl na p\u0159\u00edpravu cca 2 m\u011bs\u00edce a nulovou zku\u0161enost s tr\u00e9ninky na tento typ b\u011bhu, usoudil jsem, \u017ee Janovsk\u00e1 11 (11 km) by m\u011b asi zabila. Tak jsem se p\u0159ihl\u00e1sil na nejkrat\u0161\u00ed trasu 6 km, kde jsem startoval s d\u011btmi, d\u016fchodci a opravdov\u00fdmi hobby b\u011b\u017eci. Nakonec jsem to do c\u00edle dotla\u010dil a tam na m\u011b \u010dekalo mil\u00e9 setk\u00e1n\u00ed s moj\u00ed b\u00fdvalou tren\u00e9rkou kanoistiky, kter\u00e1 pod\u00e1vala dob\u011bhnuv\u0161\u00edm tzv. medaili za p\u0159e\u017eit\u00ed. Po tomto z\u00e1\u017eitku jsem s touto formou z\u00e1bavy neskon\u010dil, ale za\u010dal jsem docela pravideln\u011b pob\u00edhat a postupn\u011b jsem p\u0159e\u0161el k b\u011bh\u00e1n\u00ed. Tady by se dalo \u0159\u00edci, \u017ee se ze m\u011b stal \u201eopravdov\u00fd\u201c b\u011b\u017eec.<\/p>\n\n<p><\/p>\n\n<p><\/p><\/div>\n\n<div class=\"wp-block-column is-layout-flow wp-block-column-is-layout-flow\"><p>V t\u00e9 dob\u011b jsem tak\u00e9 objevil b\u011b\u017eeckou skupinu Jabloneck\u00e9 Mattonky, kterou vede Ji\u0159\u00ed Sucharda. V r\u00e1mci aktivit t\u00e9to b\u011b\u017eeck\u00e9 skupiny jsem p\u0159i\u010dichl k b\u011b\u017eeck\u00e9mu mixu. Postupn\u011b jsem s touto skv\u011blou partou za\u017eil plno \u00fa\u017easn\u00fdch z\u00e1\u017eitk\u016f a douf\u00e1m, \u017ee je\u0161t\u011b za\u017eiji mnoho dal\u0161\u00edch.<\/p>\n\n<p>Dal\u0161\u00ed z mnoha zlom\u016f na m\u00e9 b\u011b\u017eeck\u00e9 cest\u011b byla \u00fa\u010dast na team buildingov\u00e9 akci na Mal\u00e9 Sk\u00e1le. Na\u0161e (moje b\u00fdval\u00e1) firma se dostala na mezi firemn\u00ed team buildingovou akci, kde se organizovala firemn\u00ed \u0161tafeta dru\u017estev (b\u011bh, cyklo a j\u00edzda na lodi). V ka\u017ed\u00e9m t\u00fdmu musela b\u00fdt alespo\u0148 jedna \u017eena. Jako b\u00fdval\u00fd kanoista jsme s kolegou vytvo\u0159ili docela silnou lo\u010f, a jeliko\u017e v t\u00fdmu jsme m\u011bli solidn\u00ed b\u011b\u017ekyni a skv\u011bl\u00e9ho cyklistu, docela jsme si v\u011b\u0159ili, \u017ee na firemn\u00ed akci m\u016f\u017eeme usp\u011bt. Na\u0161e dobr\u00e1 b\u011b\u017ekyn\u011b Ver\u010da, trochu nezku\u0161en\u00e1 ve znalosti \u010dsk\u00fdch vytrvalostn\u00edch b\u011b\u017ec\u016f (jako j\u00e1), se chytla prvn\u00edho a sna\u017eila se ho udr\u017eet. Bohu\u017eel na to dojela a do c\u00edle se sp\u00ed\u0161e dobelhala, ne\u017e dob\u011bhla. Libor, zku\u0161en\u00fd cyklista, na\u0161i \u0161tafetu dot\u00e1hl na t\u0159et\u00ed m\u00edsto a my s Petrem J. jsme u\u017e na prvn\u00ed obr\u00e1tce m\u011bli druhou lo\u010f skoro na lopat\u011b. Ale k prvn\u00ed p\u0159\u00ed\u010dce to bylo hodn\u011b daleko. I p\u0159es ve\u0161kerou snahu se n\u00e1m to nepovedlo, i kdy\u017e jsme je dost stahovali. Byl to \u00fasp\u011bch, ale to prvn\u00ed m\u00edsto m\u011b v hlav\u011b tak trochu hlodalo a \u0159ekl jsem si, \u017ee p\u0159\u00ed\u0161t\u011b toho prvn\u00edho b\u011b\u017ece poraz\u00edme, i kdybych to m\u011bl odb\u011bhnout s\u00e1m. No, bohu\u017eel se tak asi nikdy nestane, proto\u017ee tenkr\u00e1t za KSM Casting b\u011b\u017eel \u201en\u011bjak\u00fd\u201c V\u00ed\u0165a Pavli\u0161ta. Pokud nev\u00edte tak v t\u00e9 dob\u011b (ono i dnes) to byl jeden z \u010dlen\u016f atletick\u00e9 b\u011b\u017eeck\u00e9 \u0161pi\u010dky v \u010cR.<\/p>\n\n<p>Je pravda, \u017ee takto nep\u0159\u00edmo m\u011b vlastn\u011b V\u00ed\u0165a motivoval k tomu, \u017ee jsem se za\u010dal trochu koketovat s b\u011bhem. A mysl\u00edm, \u017ee a\u017e mi do\u0161lo, \u017ee m\u00e9ho c\u00edle porazit V\u00ed\u0165u Pavli\u0161tu asi ji\u017e nedos\u00e1hnu, tak se ze m\u011b stal b\u011b\u017eec.<\/p><\/div><\/div><\/div><\/div><\/div><p><\/p>","protected":false},"excerpt":{"rendered":"<p>Nebyl jsem b\u011b\u017eec od mali\u010dka a mo\u017en\u00e1 proto b\u011bh miluji. B\u011bh\u00e1n\u00ed se mi stalo tak trochu \u017eivotn\u00ed posedlost\u00ed. Douf\u00e1m, \u017ee m\u016fj p\u0159\u00edb\u011bh o tom jak jsem za\u010dal s b\u011bhem v\u00e1s pobav\u00ed a mo\u017en\u00e1 i inspiruje. Byl jednou jeden \u017eivotem unaven\u00fd chlap\u00edk (ano, to jsem j\u00e1), kter\u00fd se v pr\u00e1ci nachom\u00fdtl k part\u011b, kter\u00e1 za\u010dala tak [&hellip;]<\/p>","protected":false},"author":1,"featured_media":0,"parent":95,"menu_order":0,"comment_status":"closed","ping_status":"closed","template":"","meta":{"footnotes":""},"class_list":["post-110","page","type-page","status-publish","hentry"],"yoast_head":"<!-- This site is optimized with the Yoast SEO plugin v25.1 - https:\/\/yoast.com\/wordpress\/plugins\/seo\/ -->\n<title>B\u011b\u017eeck\u00e9 za\u010d\u00e1tky - JirusaSphere.com<\/title>\n<meta name=\"description\" content=\"B\u011b\u017eeck\u00e9 za\u010d\u00e1tky\" \/>\n<meta name=\"robots\" content=\"index, follow, max-snippet:-1, max-image-preview:large, max-video-preview:-1\" \/>\n<link rel=\"canonical\" href=\"http:\/\/jirusasphere.com\/en\/beh\/jirusovy-zacatky-behani\/\" \/>\n<meta property=\"og:locale\" content=\"en_GB\" \/>\n<meta property=\"og:type\" content=\"article\" \/>\n<meta property=\"og:title\" content=\"B\u011b\u017eeck\u00e9 za\u010d\u00e1tky - JirusaSphere.com\" \/>\n<meta property=\"og:description\" content=\"B\u011b\u017eeck\u00e9 za\u010d\u00e1tky\" \/>\n<meta property=\"og:url\" content=\"http:\/\/jirusasphere.com\/en\/beh\/jirusovy-zacatky-behani\/\" \/>\n<meta property=\"og:site_name\" content=\"JirusaSphere.com\" \/>\n<meta property=\"article:modified_time\" content=\"2024-11-02T12:07:23+00:00\" \/>\n<meta property=\"og:image\" content=\"http:\/\/jirusasphere.com\/wp-content\/uploads\/2024\/09\/FB_IMG_1726429427961-768x1024.jpg\" \/>\n<meta name=\"twitter:card\" content=\"summary_large_image\" \/>\n<meta name=\"twitter:label1\" content=\"Estimated reading time\" \/>\n\t<meta name=\"twitter:data1\" content=\"4 minutes\" \/>\n<script type=\"application\/ld+json\" class=\"yoast-schema-graph\">{\"@context\":\"https:\/\/schema.org\",\"@graph\":[{\"@type\":\"WebPage\",\"@id\":\"http:\/\/jirusasphere.com\/beh\/jirusovy-zacatky-behani\/\",\"url\":\"http:\/\/jirusasphere.com\/beh\/jirusovy-zacatky-behani\/\",\"name\":\"B\u011b\u017eeck\u00e9 za\u010d\u00e1tky - JirusaSphere.com\",\"isPartOf\":{\"@id\":\"http:\/\/jirusasphere.com\/#website\"},\"primaryImageOfPage\":{\"@id\":\"http:\/\/jirusasphere.com\/beh\/jirusovy-zacatky-behani\/#primaryimage\"},\"image\":{\"@id\":\"http:\/\/jirusasphere.com\/beh\/jirusovy-zacatky-behani\/#primaryimage\"},\"thumbnailUrl\":\"http:\/\/jirusasphere.com\/wp-content\/uploads\/2024\/09\/FB_IMG_1726429427961-768x1024.jpg\",\"datePublished\":\"2024-09-16T16:17:03+00:00\",\"dateModified\":\"2024-11-02T12:07:23+00:00\",\"description\":\"B\u011b\u017eeck\u00e9 za\u010d\u00e1tky\",\"breadcrumb\":{\"@id\":\"http:\/\/jirusasphere.com\/beh\/jirusovy-zacatky-behani\/#breadcrumb\"},\"inLanguage\":\"en-GB\",\"potentialAction\":[{\"@type\":\"ReadAction\",\"target\":[\"http:\/\/jirusasphere.com\/beh\/jirusovy-zacatky-behani\/\"]}]},{\"@type\":\"ImageObject\",\"inLanguage\":\"en-GB\",\"@id\":\"http:\/\/jirusasphere.com\/beh\/jirusovy-zacatky-behani\/#primaryimage\",\"url\":\"http:\/\/jirusasphere.com\/wp-content\/uploads\/2024\/09\/FB_IMG_1726429427961-768x1024.jpg\",\"contentUrl\":\"http:\/\/jirusasphere.com\/wp-content\/uploads\/2024\/09\/FB_IMG_1726429427961-768x1024.jpg\"},{\"@type\":\"BreadcrumbList\",\"@id\":\"http:\/\/jirusasphere.com\/beh\/jirusovy-zacatky-behani\/#breadcrumb\",\"itemListElement\":[{\"@type\":\"ListItem\",\"position\":1,\"name\":\"Home\",\"item\":\"http:\/\/jirusasphere.com\/\"},{\"@type\":\"ListItem\",\"position\":2,\"name\":\"B\u011bh\",\"item\":\"http:\/\/jirusasphere.com\/beh\/\"},{\"@type\":\"ListItem\",\"position\":3,\"name\":\"B\u011b\u017eeck\u00e9 za\u010d\u00e1tky\"}]},{\"@type\":\"WebSite\",\"@id\":\"http:\/\/jirusasphere.com\/#website\",\"url\":\"http:\/\/jirusasphere.com\/\",\"name\":\"JirusaSphere.com\",\"description\":\"B\u011bh, cestov\u00e1n\u00ed, treky a v\u0161e okolo pohybu v p\u0159\u00edrod\u011b.\",\"publisher\":{\"@id\":\"http:\/\/jirusasphere.com\/#\/schema\/person\/d5f106a5e8efb0a27815d38c0d19ad0d\"},\"alternateName\":\"Jiru\u0161aSphere.com\",\"potentialAction\":[{\"@type\":\"SearchAction\",\"target\":{\"@type\":\"EntryPoint\",\"urlTemplate\":\"http:\/\/jirusasphere.com\/?s={search_term_string}\"},\"query-input\":{\"@type\":\"PropertyValueSpecification\",\"valueRequired\":true,\"valueName\":\"search_term_string\"}}],\"inLanguage\":\"en-GB\"},{\"@type\":[\"Person\",\"Organization\"],\"@id\":\"http:\/\/jirusasphere.com\/#\/schema\/person\/d5f106a5e8efb0a27815d38c0d19ad0d\",\"name\":\"jirusa\",\"image\":{\"@type\":\"ImageObject\",\"inLanguage\":\"en-GB\",\"@id\":\"http:\/\/jirusasphere.com\/#\/schema\/person\/image\/\",\"url\":\"http:\/\/jirusasphere.com\/wp-content\/uploads\/2024\/10\/DSC_1022.jpg\",\"contentUrl\":\"http:\/\/jirusasphere.com\/wp-content\/uploads\/2024\/10\/DSC_1022.jpg\",\"width\":1024,\"height\":822,\"caption\":\"jirusa\"},\"logo\":{\"@id\":\"http:\/\/jirusasphere.com\/#\/schema\/person\/image\/\"},\"sameAs\":[\"http:\/\/jirusasphere.com\"]}]}<\/script>\n<!-- \/ Yoast SEO plugin. -->","yoast_head_json":{"title":"B\u011b\u017eeck\u00e9 za\u010d\u00e1tky - JirusaSphere.com","description":"B\u011b\u017eeck\u00e9 za\u010d\u00e1tky","robots":{"index":"index","follow":"follow","max-snippet":"max-snippet:-1","max-image-preview":"max-image-preview:large","max-video-preview":"max-video-preview:-1"},"canonical":"http:\/\/jirusasphere.com\/en\/beh\/jirusovy-zacatky-behani\/","og_locale":"en_GB","og_type":"article","og_title":"B\u011b\u017eeck\u00e9 za\u010d\u00e1tky - JirusaSphere.com","og_description":"B\u011b\u017eeck\u00e9 za\u010d\u00e1tky","og_url":"http:\/\/jirusasphere.com\/en\/beh\/jirusovy-zacatky-behani\/","og_site_name":"JirusaSphere.com","article_modified_time":"2024-11-02T12:07:23+00:00","og_image":[{"url":"http:\/\/jirusasphere.com\/wp-content\/uploads\/2024\/09\/FB_IMG_1726429427961-768x1024.jpg","type":"","width":"","height":""}],"twitter_card":"summary_large_image","twitter_misc":{"Estimated reading time":"4 minutes"},"schema":{"@context":"https:\/\/schema.org","@graph":[{"@type":"WebPage","@id":"http:\/\/jirusasphere.com\/beh\/jirusovy-zacatky-behani\/","url":"http:\/\/jirusasphere.com\/beh\/jirusovy-zacatky-behani\/","name":"B\u011b\u017eeck\u00e9 za\u010d\u00e1tky - JirusaSphere.com","isPartOf":{"@id":"http:\/\/jirusasphere.com\/#website"},"primaryImageOfPage":{"@id":"http:\/\/jirusasphere.com\/beh\/jirusovy-zacatky-behani\/#primaryimage"},"image":{"@id":"http:\/\/jirusasphere.com\/beh\/jirusovy-zacatky-behani\/#primaryimage"},"thumbnailUrl":"http:\/\/jirusasphere.com\/wp-content\/uploads\/2024\/09\/FB_IMG_1726429427961-768x1024.jpg","datePublished":"2024-09-16T16:17:03+00:00","dateModified":"2024-11-02T12:07:23+00:00","description":"B\u011b\u017eeck\u00e9 za\u010d\u00e1tky","breadcrumb":{"@id":"http:\/\/jirusasphere.com\/beh\/jirusovy-zacatky-behani\/#breadcrumb"},"inLanguage":"en-GB","potentialAction":[{"@type":"ReadAction","target":["http:\/\/jirusasphere.com\/beh\/jirusovy-zacatky-behani\/"]}]},{"@type":"ImageObject","inLanguage":"en-GB","@id":"http:\/\/jirusasphere.com\/beh\/jirusovy-zacatky-behani\/#primaryimage","url":"http:\/\/jirusasphere.com\/wp-content\/uploads\/2024\/09\/FB_IMG_1726429427961-768x1024.jpg","contentUrl":"http:\/\/jirusasphere.com\/wp-content\/uploads\/2024\/09\/FB_IMG_1726429427961-768x1024.jpg"},{"@type":"BreadcrumbList","@id":"http:\/\/jirusasphere.com\/beh\/jirusovy-zacatky-behani\/#breadcrumb","itemListElement":[{"@type":"ListItem","position":1,"name":"Home","item":"http:\/\/jirusasphere.com\/"},{"@type":"ListItem","position":2,"name":"B\u011bh","item":"http:\/\/jirusasphere.com\/beh\/"},{"@type":"ListItem","position":3,"name":"B\u011b\u017eeck\u00e9 za\u010d\u00e1tky"}]},{"@type":"WebSite","@id":"http:\/\/jirusasphere.com\/#website","url":"http:\/\/jirusasphere.com\/","name":"JirusaSphere.com","description":"B\u011bh, cestov\u00e1n\u00ed, treky a v\u0161e okolo pohybu v p\u0159\u00edrod\u011b.","publisher":{"@id":"http:\/\/jirusasphere.com\/#\/schema\/person\/d5f106a5e8efb0a27815d38c0d19ad0d"},"alternateName":"Jiru\u0161aSphere.com","potentialAction":[{"@type":"SearchAction","target":{"@type":"EntryPoint","urlTemplate":"http:\/\/jirusasphere.com\/?s={search_term_string}"},"query-input":{"@type":"PropertyValueSpecification","valueRequired":true,"valueName":"search_term_string"}}],"inLanguage":"en-GB"},{"@type":["Person","Organization"],"@id":"http:\/\/jirusasphere.com\/#\/schema\/person\/d5f106a5e8efb0a27815d38c0d19ad0d","name":"jirusa","image":{"@type":"ImageObject","inLanguage":"en-GB","@id":"http:\/\/jirusasphere.com\/#\/schema\/person\/image\/","url":"http:\/\/jirusasphere.com\/wp-content\/uploads\/2024\/10\/DSC_1022.jpg","contentUrl":"http:\/\/jirusasphere.com\/wp-content\/uploads\/2024\/10\/DSC_1022.jpg","width":1024,"height":822,"caption":"jirusa"},"logo":{"@id":"http:\/\/jirusasphere.com\/#\/schema\/person\/image\/"},"sameAs":["http:\/\/jirusasphere.com"]}]}},"_links":{"self":[{"href":"http:\/\/jirusasphere.com\/en\/wp-json\/wp\/v2\/pages\/110","targetHints":{"allow":["GET"]}}],"collection":[{"href":"http:\/\/jirusasphere.com\/en\/wp-json\/wp\/v2\/pages"}],"about":[{"href":"http:\/\/jirusasphere.com\/en\/wp-json\/wp\/v2\/types\/page"}],"author":[{"embeddable":true,"href":"http:\/\/jirusasphere.com\/en\/wp-json\/wp\/v2\/users\/1"}],"replies":[{"embeddable":true,"href":"http:\/\/jirusasphere.com\/en\/wp-json\/wp\/v2\/comments?post=110"}],"version-history":[{"count":5,"href":"http:\/\/jirusasphere.com\/en\/wp-json\/wp\/v2\/pages\/110\/revisions"}],"predecessor-version":[{"id":331,"href":"http:\/\/jirusasphere.com\/en\/wp-json\/wp\/v2\/pages\/110\/revisions\/331"}],"up":[{"embeddable":true,"href":"http:\/\/jirusasphere.com\/en\/wp-json\/wp\/v2\/pages\/95"}],"wp:attachment":[{"href":"http:\/\/jirusasphere.com\/en\/wp-json\/wp\/v2\/media?parent=110"}],"curies":[{"name":"wp","href":"https:\/\/api.w.org\/{rel}","templated":true}]}}