{"id":127,"date":"2024-09-16T16:52:14","date_gmt":"2024-09-16T16:52:14","guid":{"rendered":"http:\/\/jirusasphere.com\/?page_id=127"},"modified":"2024-11-02T12:09:35","modified_gmt":"2024-11-02T12:09:35","slug":"bezecke-zkusenosti","status":"publish","type":"page","link":"http:\/\/jirusasphere.com\/en\/beh\/bezecke-zkusenosti\/","title":{"rendered":"B\u011b\u017eeck\u00e9 zku\u0161enosti"},"content":{"rendered":"<div class=\"wp-block-group alignfull has-accent-background-color has-background has-global-padding is-layout-constrained wp-container-core-group-is-layout-669513ed wp-block-group-is-layout-constrained\" style=\"margin-top:0;margin-bottom:0;padding-top:var(--wp--preset--spacing--50);padding-right:var(--wp--preset--spacing--50);padding-bottom:var(--wp--preset--spacing--50);padding-left:var(--wp--preset--spacing--50)\"><div class=\"wp-block-columns alignwide is-layout-flex wp-container-core-columns-is-layout-1da03c2a wp-block-columns-is-layout-flex\"><div class=\"wp-block-column is-vertically-aligned-stretch is-layout-flow wp-block-column-is-layout-flow\" style=\"flex-basis:50%\"><div class=\"wp-block-group is-vertical is-content-justification-stretch is-layout-flex wp-container-core-group-is-layout-444d5ee8 wp-block-group-is-layout-flex\" style=\"min-height:100%\"><p class=\"has-heading-font-family has-x-large-font-size\" style=\"line-height:1.2\">Moje b\u011b\u017eeck\u00e9 zku\u0161enosti, preference, sny a c\u00edle.<\/p>\n\n<div class=\"wp-block-group has-global-padding is-content-justification-left is-layout-constrained wp-container-core-group-is-layout-9fe8ed88 wp-block-group-is-layout-constrained\"><div class=\"wp-block-group has-global-padding is-content-justification-left is-layout-constrained wp-container-core-group-is-layout-9fe8ed88 wp-block-group-is-layout-constrained\"><p class=\"wp-container-content-0733e5d0\"><\/p>\n\n<div class=\"wp-block-group has-global-padding is-content-justification-left is-layout-constrained wp-container-core-group-is-layout-9fe8ed88 wp-block-group-is-layout-constrained\"><div class=\"wp-block-buttons is-content-justification-space-between is-layout-flex wp-container-core-buttons-is-layout-b2891da8 wp-block-buttons-is-layout-flex\"><div class=\"wp-block-button has-custom-width wp-block-button__width-100\"><a class=\"wp-block-button__link wp-element-button\" href=\"http:\/\/jirusasphere.com\/en\/beh\/jirusovy-zacatky-behani\/\">B\u011b\u017eeck\u00e9 za\u010d\u00e1tky<\/a><\/div>\n\n<div class=\"wp-block-button has-custom-width wp-block-button__width-100\"><a class=\"wp-block-button__link wp-element-button\" href=\"http:\/\/jirusasphere.com\/en\/beh\/bezecke-zavody\/\">B\u011b\u017eeck\u00e9 z\u00e1vody<\/a><\/div>\n\n<div class=\"wp-block-button has-custom-width wp-block-button__width-100\"><a class=\"wp-block-button__link wp-element-button\" href=\"http:\/\/jirusasphere.com\/en\/beh\/bezecke-trasy\/\">B\u011b\u017eeck\u00e9 trasy<\/a><\/div><\/div><\/div>\n\n<p class=\"wp-container-content-0733e5d0\"><\/p><\/div><\/div><\/div><\/div>\n\n<div class=\"wp-block-column is-vertically-aligned-center is-layout-flow wp-block-column-is-layout-flow\" style=\"flex-basis:50%\"><figure class=\"wp-block-image size-full is-style-rounded is-style-rounded--1\"><img loading=\"lazy\" decoding=\"async\" width=\"960\" height=\"770\" src=\"http:\/\/jirusasphere.com\/wp-content\/uploads\/2024\/09\/243493108_1020443318737783_2687832651001306732_n.jpg\" alt=\"\" class=\"wp-image-132\" style=\"aspect-ratio:3\/4;object-fit:cover\" srcset=\"http:\/\/jirusasphere.com\/wp-content\/uploads\/2024\/09\/243493108_1020443318737783_2687832651001306732_n.jpg 960w, http:\/\/jirusasphere.com\/wp-content\/uploads\/2024\/09\/243493108_1020443318737783_2687832651001306732_n-300x241.jpg 300w, http:\/\/jirusasphere.com\/wp-content\/uploads\/2024\/09\/243493108_1020443318737783_2687832651001306732_n-768x616.jpg 768w, http:\/\/jirusasphere.com\/wp-content\/uploads\/2024\/09\/243493108_1020443318737783_2687832651001306732_n-15x12.jpg 15w, http:\/\/jirusasphere.com\/wp-content\/uploads\/2024\/09\/243493108_1020443318737783_2687832651001306732_n-600x481.jpg 600w\" sizes=\"auto, (max-width: 960px) 100vw, 960px\" \/><\/figure><\/div><\/div><\/div><div class=\"wp-block-group alignfull has-base-background-color has-background has-global-padding is-layout-constrained wp-container-core-group-is-layout-d89aad35 wp-block-group-is-layout-constrained\" style=\"margin-top:0;margin-bottom:0;padding-top:var(--wp--preset--spacing--50);padding-right:var(--wp--preset--spacing--50);padding-bottom:var(--wp--preset--spacing--50);padding-left:var(--wp--preset--spacing--50)\"><div class=\"wp-block-columns alignwide is-layout-flex wp-container-core-columns-is-layout-549b0c86 wp-block-columns-is-layout-flex\"><div class=\"wp-block-column has-global-padding is-content-justification-left is-layout-constrained wp-container-core-column-is-layout-4f15e8fe wp-block-column-is-layout-constrained\" style=\"flex-basis:40%\"><figure class=\"wp-block-image size-full\"><img loading=\"lazy\" decoding=\"async\" width=\"473\" height=\"839\" src=\"http:\/\/jirusasphere.com\/wp-content\/uploads\/2024\/09\/FB_IMG_1660052275249.jpg\" alt=\"\" class=\"wp-image-122\" srcset=\"http:\/\/jirusasphere.com\/wp-content\/uploads\/2024\/09\/FB_IMG_1660052275249.jpg 473w, http:\/\/jirusasphere.com\/wp-content\/uploads\/2024\/09\/FB_IMG_1660052275249-169x300.jpg 169w, http:\/\/jirusasphere.com\/wp-content\/uploads\/2024\/09\/FB_IMG_1660052275249-7x12.jpg 7w\" sizes=\"auto, (max-width: 473px) 100vw, 473px\" \/><\/figure><\/div>\n\n<div class=\"wp-block-column is-layout-flow wp-container-core-column-is-layout-119bc444 wp-block-column-is-layout-flow\" style=\"flex-basis:60%\"><p class=\"has-heading-font-family has-x-large-font-size\" style=\"line-height:1.2\">S b\u011bhem jsem za\u010dal pozd\u011bji, a mo\u017en\u00e1 proto si jej u\u017e\u00edv\u00e1m pln\u00fdmi dou\u0161ky.<\/p>\n\n<div class=\"wp-block-columns is-layout-flex wp-container-core-columns-is-layout-87beb0d0 wp-block-columns-is-layout-flex\"><div class=\"wp-block-column is-layout-flow wp-block-column-is-layout-flow\"><p class=\"wp-container-content-9cfa9a5a\">Jak u\u017e jsem tady zm\u00ednil, sportu jsem se v\u011bnoval od mali\u010dka. V dosp\u011blosti jsem ale sport \u00fapln\u011b vypustil ze sv\u00e9ho \u017eivota, a teprve kolem m\u00fdch 33 let jsem se k n\u011bmu za\u010dal pomalu vracet.<\/p>\n\n<p>V t\u00e9 dob\u011b pro m\u011b byla nep\u0159edstaviteln\u00e1 my\u0161lenka, \u017ee bych n\u011bkdy, n\u011bkde b\u011bhal. Dokonce m\u00e1m historku, kterou mi nyn\u00ed ob\u010das doma p\u0159ipom\u00ednaj\u00ed. \u201eJsme s rodinou na v\u00fdlet\u011b v Jizersk\u00fdch hor\u00e1ch, n\u011bkde okolo Slovanky, Kr\u00e1lovky, Josefodolsk\u00e9 p\u0159ehrady.\u201c Jak se tam, tak pohybujeme pohodov\u00fdm v\u00fdletn\u00edm tempem, kolem n\u00e1s prob\u011bhne b\u011b\u017eec a m\u016fj koment\u00e1\u0159 zn\u00ed: \u201eTo je bl\u00e1zen.\u201c P\u0159esuneme se o p\u00e1r kil\u00e1k\u016f d\u00e1l a ten sam\u00fd b\u011b\u017eec znovu k\u0159i\u017euje na\u0161i trasu. M\u016fj dal\u0161\u00ed koment\u00e1\u0159 je: \u201eCo z toho m\u00e1?\u201c A kdy\u017e jsme ho potkali po\u010dtvrt\u00e9, u\u017e jsem dost sarkasticky pronesl: \u201eTak tohle nen\u00ed pro m\u011b, m\u011b b\u011bh nikdy nebavil.\u201c<\/p>\n\n<p>Dnes, kdy\u017e m\u00e1 man\u017eelka pocit, \u017ee toho sportu u\u017e bylo dost, mi tuto historku s radost\u00ed p\u0159ipomene slovy: \u201eV\u017edy\u0165 t\u011b b\u011bh nikdy nebavil, tak kam zase jde\u0161?\u201c<\/p>\n\n<p>No a vid\u00edte, dnes si bez sportu, hlavn\u011b b\u011bhu, nedovedu p\u0159edstavit sv\u016fj \u017eivot na t\u00e9to planet\u011b. Je zvl\u00e1\u0161tn\u00ed, jak se \u010dlov\u011bk v \u010dase m\u011bn\u00ed a jak jedna mal\u00e1 s\u00e1zka nebo v\u00fdzva dok\u00e1\u017ee zm\u011bnit pohled na sv\u011bt a vlastn\u00ed chov\u00e1n\u00ed.<\/p>\n\n<p class=\"wp-container-content-9cfa9a5a\">Dnes u\u017e je b\u011bh sou\u010d\u00e1st\u00ed m\u00e9ho byt\u00ed a pokud jsem nucen ud\u011blat sportovn\u00ed \u010di b\u011b\u017eeckou pauzu, tak se mnou nen\u00ed k vydr\u017een\u00ed (ani j\u00e1 s\u00e1m se sebou nevydr\u017e\u00edm). A co vlastn\u011b pro m\u011b pohyb (b\u011bh) dnes znamen\u00e1? Ur\u010dit\u011b relax (pokud tedy ned\u0159u na n\u011bjak\u00fd velk\u00fd z\u00e1vod), uvoln\u011bn\u00ed, odvr\u00e1cen\u00ed mysli od b\u011b\u017en\u00fdch probl\u00e9m\u016f, a\u0165 u\u017e pracovn\u00edch nebo soukrom\u00fdch. Pom\u00e1h\u00e1 mi tak\u00e9 tvo\u0159it nadhled nad probl\u00e9my, utu\u017euje discipl\u00ednu a tak\u00e9 dok\u00e1\u017ee udr\u017eet soust\u0159ed\u011bn\u00ed na c\u00edl, co\u017e podporuje pevnou v\u016fli. D\u00e1le je to radost, n\u011bkdy p\u0159\u00edle\u017eitost setkat se s p\u0159\u00e1teli, kte\u0159\u00ed sv\u011bt vn\u00edmaj\u00ed podobn\u011b, a jindy zase mo\u017enost b\u00fdt s\u00e1m, nechat na sebe p\u016fsobit okoln\u00ed p\u0159\u00edrodu a vypnout v\u0161echny ostatn\u00ed smysly.<\/p><\/div>\n\n<div class=\"wp-block-column is-layout-flow wp-block-column-is-layout-flow\"><p><\/p>\n\n<p>A co je ten pomysln\u00fd b\u011b\u017eeck\u00fd top v m\u00e9m sv\u011bt\u011b? Je to velk\u00fd mix emoc\u00ed, chemick\u00fdch l\u00e1tek (endorfiny, &#8230;), kter\u00e9 t\u011blo uvol\u0148uje, mnoho p\u0159\u00e1telstv\u00ed a skv\u011bl\u00fdch z\u00e1\u017eitk\u016f. A kdy\u017e se v\u0161e sejde v jeden moment, dost\u00e1v\u00e1m se do stavu tzv. B\u011b\u017eeck\u00fd flow \u2013 to je pocit, jako kdy\u017e b\u011b\u017e\u00edte bez z\u00e1bran, s \u010distou hlavou, bez my\u0161lenek, t\u011blo bez bolesti, a vy jen vn\u00edm\u00e1te kr\u00e1su pohybu a okol\u00ed. To se ned\u00e1 slovy popsat, to se d\u00e1 jen za\u017e\u00edt.<\/p>\n\n<p>Je pravda, \u017ee o podobn\u00fdch pocitech a stavech p\u00ed\u0161e nebo mluv\u00ed mnoho b\u011b\u017eeck\u00fdch nad\u0161enc\u016f, a i j\u00e1 jsem o tom sly\u0161el ve sv\u00fdch b\u011b\u017eeck\u00fdch za\u010d\u00e1tc\u00edch. Ale nikdy jsem si to nedovedl p\u0159edstavit a v\u017edy jsem p\u0159em\u00fd\u0161lel, jak toho ti b\u011b\u017eci dos\u00e1hli. Dnes, kdy\u017e se pod\u00edv\u00e1m zp\u011bt, vlastn\u011b ani nev\u00edm, jak takov\u00e9ho c\u00edle dos\u00e1hnout. Nejsp\u00ed\u0161e jedin\u00e1 rada je: zkou\u0161et b\u011bhat a ono to p\u0159ijde.<\/p>\n\n<p>Dnes je b\u011bh velmi popul\u00e1rn\u00ed a pokud jste za\u010d\u00e1te\u010dn\u00edk, je velice t\u011b\u017ek\u00e9 se zorientovat v tom, co je dobr\u00e9. Ka\u017ed\u00fd druh\u00fd b\u011b\u017eec m\u00e1 sv\u016fj skv\u011bl\u00fd a zaru\u010den\u00fd recept na to, jak b\u011bhat a zlep\u0161ovat se. K tomu samoz\u0159ejm\u011b p\u0159isp\u00edvaj\u00ed i soci\u00e1ln\u00ed s\u00edt\u011b, kde ka\u017ed\u00fd vypad\u00e1 skv\u011ble, je \u0161\u0165astn\u00fd a spokojen\u00fd a v\u017edy se v\u0161e povede tak, jak si p\u0159edsevzal. Ale podv\u011bdom\u011b asi ka\u017ed\u00fd v\u00ed, \u017ee takhle \u017eivot a ani b\u011bh nefunguje, i kdy\u017e si mysl\u00edme, \u017ee by to bylo skv\u011bl\u00e9. Asi by to ale nebylo ono. Ka\u017ed\u00fd si ke sv\u00e9mu c\u00edli mus\u00ed doj\u00edt svou cestou. A to u\u017e jen proto, \u017ee ka\u017ed\u00fd z n\u00e1s vn\u00edm\u00e1 sv\u011bt p\u0159es jin\u00e9 &#8222;br\u00fdle&#8220;, kter\u00e9 si b\u011bhem \u017eivota nasadil. Ka\u017ed\u00fd m\u00e1 jin\u00e9 zku\u0161enosti, dovednosti, p\u0159ednosti a preference, a proto neexistuje k c\u00edli jedna univerz\u00e1ln\u00ed cesta.<\/p>\n\n<p>J\u00e1 m\u00e1m svou vlastn\u00ed cestu, kterou jsem se z \u010d\u00e1sti rozhodl zve\u0159ejnit na tomto blogu, a pokud n\u011bkomu m\u00e9 zku\u0161enosti, a hlavn\u011b ty \u0161patn\u00e9 cesty, pomohou otev\u0159\u00edt o\u010di a naj\u00edt vlastn\u00ed cestu k pohybu zvan\u00e9mu b\u011bh, naj\u00edt v n\u011bm zal\u00edben\u00ed a p\u0159\u00edpadn\u011b i motivuj\u00ed k n\u011bjak\u00e9mu tomu \u0159\u00edzen\u00e9mu tr\u00e9ninku na n\u011bjak\u00fd konkr\u00e9tn\u00ed c\u00edl, tak budu jen r\u00e1d. Jak jsem ji\u017e n\u011bkde zm\u00ednil, v\u0161e, co zde budu uv\u00e1d\u011bt, bylo otestov\u00e1no na lidech \u2013 v\u011bt\u0161inou na m\u011b, ob\u010das i na zn\u00e1m\u00fdch nebo p\u00e1r b\u011b\u017eeck\u00fdch nad\u0161enc\u00edch. V t\u00e9to \u010d\u00e1sti blogu budu uv\u00e1d\u011bt pr\u00e1v\u011b sv\u00e9 zku\u0161enosti z t\u00e9to b\u011b\u017eeck\u00e9 cesty, a to i ty, kter\u00e9 nevedly ke k\u00fd\u017een\u00e9mu v\u00fdsledku nebo sp\u00ed\u0161e vedly k ne\u00fasp\u011bchu, \u010di dokonce zran\u011bn\u00ed nebo nemoc\u00edm.<\/p><\/div><\/div><\/div><\/div><\/div><div class=\"wp-block-group alignfull has-base-color has-contrast-background-color has-text-color has-background has-global-padding is-layout-constrained wp-container-core-group-is-layout-ef3d885c wp-block-group-is-layout-constrained\" style=\"margin-top:0;margin-bottom:0;padding-top:var(--wp--preset--spacing--60);padding-right:var(--wp--preset--spacing--60);padding-bottom:var(--wp--preset--spacing--60);padding-left:var(--wp--preset--spacing--60)\"><div class=\"wp-block-group has-global-padding is-layout-constrained wp-block-group-is-layout-constrained\"><p class=\"has-text-align-center has-base-color has-text-color has-heading-font-family has-x-large-font-size\" style=\"line-height:1.2\"><em>\u201cB\u011b\u017eeck\u00fd flow \u2013 to je pocit, jako kdy\u017e b\u011b\u017e\u00edte bez z\u00e1bran, s \u010distou hlavou, bez my\u0161lenek, t\u011blo bez bolesti, a vy jen vn\u00edm\u00e1te kr\u00e1su pohybu a okol\u00ed.\u201d<\/em><\/p><\/div><\/div><div class=\"wp-block-query is-layout-flow wp-block-query-is-layout-flow\"><ul class=\"wp-block-post-template is-layout-flow wp-block-post-template-is-layout-flow\"><li class=\"wp-block-post post-564 post type-post status-publish format-standard hentry category-bezecke-zkusenosti\"><h2 class=\"wp-block-post-title\"><a href=\"http:\/\/jirusasphere.com\/en\/proc-nebehat-v-zime\/\" target=\"_self\" >Pro\u010d (ne)b\u011bhat v zim\u011b<\/a><\/h2>\n\n<div class=\"wp-block-post-date\"><time datetime=\"2025-02-19T19:43:47+00:00\">February 19, 2025<\/time><\/div><\/li><li class=\"wp-block-post post-435 post type-post status-publish format-standard has-post-thumbnail hentry category-bezecke-zkusenosti\"><h2 class=\"wp-block-post-title\"><a href=\"http:\/\/jirusasphere.com\/en\/rady-pro-zacinajici-bezce\/\" target=\"_self\" >Rady pro za\u010d\u00ednaj\u00edc\u00ed b\u011b\u017ece<\/a><\/h2>\n\n<div class=\"wp-block-post-date\"><time datetime=\"2024-12-30T17:01:10+00:00\">December 30, 2024<\/time><\/div>\n\n<figure class=\"wp-block-post-featured-image\"><a href=\"http:\/\/jirusasphere.com\/en\/rady-pro-zacinajici-bezce\/\" target=\"_self\"  ><img loading=\"lazy\" decoding=\"async\" width=\"1000\" height=\"668\" src=\"http:\/\/jirusasphere.com\/wp-content\/uploads\/2024\/10\/33343118_10212101896362531_8445649125650726912_n.jpg\" class=\"attachment-post-thumbnail size-post-thumbnail wp-post-image\" alt=\"Rady pro za\u010d\u00ednaj\u00edc\u00ed b\u011b\u017ece\" style=\"object-fit:cover;\" srcset=\"http:\/\/jirusasphere.com\/wp-content\/uploads\/2024\/10\/33343118_10212101896362531_8445649125650726912_n.jpg 1000w, http:\/\/jirusasphere.com\/wp-content\/uploads\/2024\/10\/33343118_10212101896362531_8445649125650726912_n-300x200.jpg 300w, http:\/\/jirusasphere.com\/wp-content\/uploads\/2024\/10\/33343118_10212101896362531_8445649125650726912_n-768x513.jpg 768w, http:\/\/jirusasphere.com\/wp-content\/uploads\/2024\/10\/33343118_10212101896362531_8445649125650726912_n-18x12.jpg 18w, http:\/\/jirusasphere.com\/wp-content\/uploads\/2024\/10\/33343118_10212101896362531_8445649125650726912_n-600x401.jpg 600w\" sizes=\"auto, (max-width: 1000px) 100vw, 1000px\" \/><\/a><\/figure><\/li><li class=\"wp-block-post post-137 post type-post status-publish format-standard has-post-thumbnail hentry category-bezecke-zkusenosti tag-bezeckysen tag-ledroskyrace\"><h2 class=\"wp-block-post-title\"><a href=\"http:\/\/jirusasphere.com\/en\/ledro-sky-race1\/\" target=\"_self\" >Ledro Sky Race<\/a><\/h2>\n\n<div class=\"wp-block-post-date\"><time datetime=\"2024-09-16T17:40:50+00:00\">September 16, 2024<\/time><\/div>\n\n<figure class=\"wp-block-post-featured-image\"><a href=\"http:\/\/jirusasphere.com\/en\/ledro-sky-race1\/\" target=\"_self\"  ><img loading=\"lazy\" decoding=\"async\" width=\"1875\" height=\"1250\" src=\"http:\/\/jirusasphere.com\/wp-content\/uploads\/2024\/09\/20180607094612_gallery-7.jpg\" class=\"attachment-post-thumbnail size-post-thumbnail wp-post-image\" alt=\"Ledro Sky Race\" style=\"object-fit:cover;\" srcset=\"http:\/\/jirusasphere.com\/wp-content\/uploads\/2024\/09\/20180607094612_gallery-7.jpg 1875w, http:\/\/jirusasphere.com\/wp-content\/uploads\/2024\/09\/20180607094612_gallery-7-300x200.jpg 300w, http:\/\/jirusasphere.com\/wp-content\/uploads\/2024\/09\/20180607094612_gallery-7-1024x683.jpg 1024w, http:\/\/jirusasphere.com\/wp-content\/uploads\/2024\/09\/20180607094612_gallery-7-768x512.jpg 768w, http:\/\/jirusasphere.com\/wp-content\/uploads\/2024\/09\/20180607094612_gallery-7-1536x1024.jpg 1536w, http:\/\/jirusasphere.com\/wp-content\/uploads\/2024\/09\/20180607094612_gallery-7-18x12.jpg 18w, http:\/\/jirusasphere.com\/wp-content\/uploads\/2024\/09\/20180607094612_gallery-7-600x400.jpg 600w\" sizes=\"auto, (max-width: 1875px) 100vw, 1875px\" \/><\/a><\/figure><\/li><\/ul>\n\n\n\n<\/div>","protected":false},"excerpt":{"rendered":"<p>Moje b\u011b\u017eeck\u00e9 zku\u0161enosti, preference, sny a c\u00edle. S b\u011bhem jsem za\u010dal pozd\u011bji, a mo\u017en\u00e1 proto si jej u\u017e\u00edv\u00e1m pln\u00fdmi dou\u0161ky. Jak u\u017e jsem tady zm\u00ednil, sportu jsem se v\u011bnoval od mali\u010dka. V dosp\u011blosti jsem ale sport \u00fapln\u011b vypustil ze sv\u00e9ho \u017eivota, a teprve kolem m\u00fdch 33 let jsem se k n\u011bmu za\u010dal pomalu vracet. V [&hellip;]<\/p>","protected":false},"author":1,"featured_media":0,"parent":95,"menu_order":0,"comment_status":"closed","ping_status":"closed","template":"","meta":{"footnotes":""},"class_list":["post-127","page","type-page","status-publish","hentry"],"yoast_head":"<!-- This site is optimized with the Yoast SEO plugin v25.1 - https:\/\/yoast.com\/wordpress\/plugins\/seo\/ -->\n<title>B\u011b\u017eeck\u00e9 zku\u0161enosti - JirusaSphere.com<\/title>\n<meta name=\"description\" content=\"B\u011b\u017eeck\u00e9 zku\u0161enosti\" \/>\n<meta name=\"robots\" content=\"index, follow, max-snippet:-1, max-image-preview:large, max-video-preview:-1\" \/>\n<link rel=\"canonical\" href=\"http:\/\/jirusasphere.com\/en\/beh\/bezecke-zkusenosti\/\" \/>\n<meta property=\"og:locale\" content=\"en_GB\" \/>\n<meta property=\"og:type\" content=\"article\" \/>\n<meta property=\"og:title\" content=\"B\u011b\u017eeck\u00e9 zku\u0161enosti - JirusaSphere.com\" \/>\n<meta property=\"og:description\" content=\"B\u011b\u017eeck\u00e9 zku\u0161enosti\" \/>\n<meta property=\"og:url\" content=\"http:\/\/jirusasphere.com\/en\/beh\/bezecke-zkusenosti\/\" \/>\n<meta property=\"og:site_name\" content=\"JirusaSphere.com\" \/>\n<meta property=\"article:modified_time\" content=\"2024-11-02T12:09:35+00:00\" \/>\n<meta property=\"og:image\" content=\"http:\/\/jirusasphere.com\/wp-content\/uploads\/2024\/09\/243493108_1020443318737783_2687832651001306732_n.jpg\" \/>\n<meta name=\"twitter:card\" content=\"summary_large_image\" \/>\n<meta name=\"twitter:label1\" content=\"Estimated reading time\" \/>\n\t<meta name=\"twitter:data1\" content=\"5 minutes\" \/>\n<script type=\"application\/ld+json\" class=\"yoast-schema-graph\">{\"@context\":\"https:\/\/schema.org\",\"@graph\":[{\"@type\":\"WebPage\",\"@id\":\"http:\/\/jirusasphere.com\/beh\/bezecke-zkusenosti\/\",\"url\":\"http:\/\/jirusasphere.com\/beh\/bezecke-zkusenosti\/\",\"name\":\"B\u011b\u017eeck\u00e9 zku\u0161enosti - JirusaSphere.com\",\"isPartOf\":{\"@id\":\"http:\/\/jirusasphere.com\/#website\"},\"primaryImageOfPage\":{\"@id\":\"http:\/\/jirusasphere.com\/beh\/bezecke-zkusenosti\/#primaryimage\"},\"image\":{\"@id\":\"http:\/\/jirusasphere.com\/beh\/bezecke-zkusenosti\/#primaryimage\"},\"thumbnailUrl\":\"http:\/\/jirusasphere.com\/wp-content\/uploads\/2024\/09\/243493108_1020443318737783_2687832651001306732_n.jpg\",\"datePublished\":\"2024-09-16T16:52:14+00:00\",\"dateModified\":\"2024-11-02T12:09:35+00:00\",\"description\":\"B\u011b\u017eeck\u00e9 zku\u0161enosti\",\"breadcrumb\":{\"@id\":\"http:\/\/jirusasphere.com\/beh\/bezecke-zkusenosti\/#breadcrumb\"},\"inLanguage\":\"en-GB\",\"potentialAction\":[{\"@type\":\"ReadAction\",\"target\":[\"http:\/\/jirusasphere.com\/beh\/bezecke-zkusenosti\/\"]}]},{\"@type\":\"ImageObject\",\"inLanguage\":\"en-GB\",\"@id\":\"http:\/\/jirusasphere.com\/beh\/bezecke-zkusenosti\/#primaryimage\",\"url\":\"http:\/\/jirusasphere.com\/wp-content\/uploads\/2024\/09\/243493108_1020443318737783_2687832651001306732_n.jpg\",\"contentUrl\":\"http:\/\/jirusasphere.com\/wp-content\/uploads\/2024\/09\/243493108_1020443318737783_2687832651001306732_n.jpg\"},{\"@type\":\"BreadcrumbList\",\"@id\":\"http:\/\/jirusasphere.com\/beh\/bezecke-zkusenosti\/#breadcrumb\",\"itemListElement\":[{\"@type\":\"ListItem\",\"position\":1,\"name\":\"Home\",\"item\":\"http:\/\/jirusasphere.com\/\"},{\"@type\":\"ListItem\",\"position\":2,\"name\":\"B\u011bh\",\"item\":\"http:\/\/jirusasphere.com\/beh\/\"},{\"@type\":\"ListItem\",\"position\":3,\"name\":\"B\u011b\u017eeck\u00e9 zku\u0161enosti\"}]},{\"@type\":\"WebSite\",\"@id\":\"http:\/\/jirusasphere.com\/#website\",\"url\":\"http:\/\/jirusasphere.com\/\",\"name\":\"JirusaSphere.com\",\"description\":\"B\u011bh, cestov\u00e1n\u00ed, treky a v\u0161e okolo pohybu v p\u0159\u00edrod\u011b.\",\"publisher\":{\"@id\":\"http:\/\/jirusasphere.com\/#\/schema\/person\/d5f106a5e8efb0a27815d38c0d19ad0d\"},\"alternateName\":\"Jiru\u0161aSphere.com\",\"potentialAction\":[{\"@type\":\"SearchAction\",\"target\":{\"@type\":\"EntryPoint\",\"urlTemplate\":\"http:\/\/jirusasphere.com\/?s={search_term_string}\"},\"query-input\":{\"@type\":\"PropertyValueSpecification\",\"valueRequired\":true,\"valueName\":\"search_term_string\"}}],\"inLanguage\":\"en-GB\"},{\"@type\":[\"Person\",\"Organization\"],\"@id\":\"http:\/\/jirusasphere.com\/#\/schema\/person\/d5f106a5e8efb0a27815d38c0d19ad0d\",\"name\":\"jirusa\",\"image\":{\"@type\":\"ImageObject\",\"inLanguage\":\"en-GB\",\"@id\":\"http:\/\/jirusasphere.com\/#\/schema\/person\/image\/\",\"url\":\"http:\/\/jirusasphere.com\/wp-content\/uploads\/2024\/10\/DSC_1022.jpg\",\"contentUrl\":\"http:\/\/jirusasphere.com\/wp-content\/uploads\/2024\/10\/DSC_1022.jpg\",\"width\":1024,\"height\":822,\"caption\":\"jirusa\"},\"logo\":{\"@id\":\"http:\/\/jirusasphere.com\/#\/schema\/person\/image\/\"},\"sameAs\":[\"http:\/\/jirusasphere.com\"]}]}<\/script>\n<!-- \/ Yoast SEO plugin. -->","yoast_head_json":{"title":"B\u011b\u017eeck\u00e9 zku\u0161enosti - JirusaSphere.com","description":"B\u011b\u017eeck\u00e9 zku\u0161enosti","robots":{"index":"index","follow":"follow","max-snippet":"max-snippet:-1","max-image-preview":"max-image-preview:large","max-video-preview":"max-video-preview:-1"},"canonical":"http:\/\/jirusasphere.com\/en\/beh\/bezecke-zkusenosti\/","og_locale":"en_GB","og_type":"article","og_title":"B\u011b\u017eeck\u00e9 zku\u0161enosti - JirusaSphere.com","og_description":"B\u011b\u017eeck\u00e9 zku\u0161enosti","og_url":"http:\/\/jirusasphere.com\/en\/beh\/bezecke-zkusenosti\/","og_site_name":"JirusaSphere.com","article_modified_time":"2024-11-02T12:09:35+00:00","og_image":[{"url":"http:\/\/jirusasphere.com\/wp-content\/uploads\/2024\/09\/243493108_1020443318737783_2687832651001306732_n.jpg","type":"","width":"","height":""}],"twitter_card":"summary_large_image","twitter_misc":{"Estimated reading time":"5 minutes"},"schema":{"@context":"https:\/\/schema.org","@graph":[{"@type":"WebPage","@id":"http:\/\/jirusasphere.com\/beh\/bezecke-zkusenosti\/","url":"http:\/\/jirusasphere.com\/beh\/bezecke-zkusenosti\/","name":"B\u011b\u017eeck\u00e9 zku\u0161enosti - JirusaSphere.com","isPartOf":{"@id":"http:\/\/jirusasphere.com\/#website"},"primaryImageOfPage":{"@id":"http:\/\/jirusasphere.com\/beh\/bezecke-zkusenosti\/#primaryimage"},"image":{"@id":"http:\/\/jirusasphere.com\/beh\/bezecke-zkusenosti\/#primaryimage"},"thumbnailUrl":"http:\/\/jirusasphere.com\/wp-content\/uploads\/2024\/09\/243493108_1020443318737783_2687832651001306732_n.jpg","datePublished":"2024-09-16T16:52:14+00:00","dateModified":"2024-11-02T12:09:35+00:00","description":"B\u011b\u017eeck\u00e9 zku\u0161enosti","breadcrumb":{"@id":"http:\/\/jirusasphere.com\/beh\/bezecke-zkusenosti\/#breadcrumb"},"inLanguage":"en-GB","potentialAction":[{"@type":"ReadAction","target":["http:\/\/jirusasphere.com\/beh\/bezecke-zkusenosti\/"]}]},{"@type":"ImageObject","inLanguage":"en-GB","@id":"http:\/\/jirusasphere.com\/beh\/bezecke-zkusenosti\/#primaryimage","url":"http:\/\/jirusasphere.com\/wp-content\/uploads\/2024\/09\/243493108_1020443318737783_2687832651001306732_n.jpg","contentUrl":"http:\/\/jirusasphere.com\/wp-content\/uploads\/2024\/09\/243493108_1020443318737783_2687832651001306732_n.jpg"},{"@type":"BreadcrumbList","@id":"http:\/\/jirusasphere.com\/beh\/bezecke-zkusenosti\/#breadcrumb","itemListElement":[{"@type":"ListItem","position":1,"name":"Home","item":"http:\/\/jirusasphere.com\/"},{"@type":"ListItem","position":2,"name":"B\u011bh","item":"http:\/\/jirusasphere.com\/beh\/"},{"@type":"ListItem","position":3,"name":"B\u011b\u017eeck\u00e9 zku\u0161enosti"}]},{"@type":"WebSite","@id":"http:\/\/jirusasphere.com\/#website","url":"http:\/\/jirusasphere.com\/","name":"JirusaSphere.com","description":"B\u011bh, cestov\u00e1n\u00ed, treky a v\u0161e okolo pohybu v p\u0159\u00edrod\u011b.","publisher":{"@id":"http:\/\/jirusasphere.com\/#\/schema\/person\/d5f106a5e8efb0a27815d38c0d19ad0d"},"alternateName":"Jiru\u0161aSphere.com","potentialAction":[{"@type":"SearchAction","target":{"@type":"EntryPoint","urlTemplate":"http:\/\/jirusasphere.com\/?s={search_term_string}"},"query-input":{"@type":"PropertyValueSpecification","valueRequired":true,"valueName":"search_term_string"}}],"inLanguage":"en-GB"},{"@type":["Person","Organization"],"@id":"http:\/\/jirusasphere.com\/#\/schema\/person\/d5f106a5e8efb0a27815d38c0d19ad0d","name":"jirusa","image":{"@type":"ImageObject","inLanguage":"en-GB","@id":"http:\/\/jirusasphere.com\/#\/schema\/person\/image\/","url":"http:\/\/jirusasphere.com\/wp-content\/uploads\/2024\/10\/DSC_1022.jpg","contentUrl":"http:\/\/jirusasphere.com\/wp-content\/uploads\/2024\/10\/DSC_1022.jpg","width":1024,"height":822,"caption":"jirusa"},"logo":{"@id":"http:\/\/jirusasphere.com\/#\/schema\/person\/image\/"},"sameAs":["http:\/\/jirusasphere.com"]}]}},"_links":{"self":[{"href":"http:\/\/jirusasphere.com\/en\/wp-json\/wp\/v2\/pages\/127","targetHints":{"allow":["GET"]}}],"collection":[{"href":"http:\/\/jirusasphere.com\/en\/wp-json\/wp\/v2\/pages"}],"about":[{"href":"http:\/\/jirusasphere.com\/en\/wp-json\/wp\/v2\/types\/page"}],"author":[{"embeddable":true,"href":"http:\/\/jirusasphere.com\/en\/wp-json\/wp\/v2\/users\/1"}],"replies":[{"embeddable":true,"href":"http:\/\/jirusasphere.com\/en\/wp-json\/wp\/v2\/comments?post=127"}],"version-history":[{"count":5,"href":"http:\/\/jirusasphere.com\/en\/wp-json\/wp\/v2\/pages\/127\/revisions"}],"predecessor-version":[{"id":333,"href":"http:\/\/jirusasphere.com\/en\/wp-json\/wp\/v2\/pages\/127\/revisions\/333"}],"up":[{"embeddable":true,"href":"http:\/\/jirusasphere.com\/en\/wp-json\/wp\/v2\/pages\/95"}],"wp:attachment":[{"href":"http:\/\/jirusasphere.com\/en\/wp-json\/wp\/v2\/media?parent=127"}],"curies":[{"name":"wp","href":"https:\/\/api.w.org\/{rel}","templated":true}]}}